{"id":16,"date":"2024-10-24T10:24:30","date_gmt":"2024-10-24T08:24:30","guid":{"rendered":"https:\/\/atelier-seelenglueck.de\/?page_id=16"},"modified":"2025-09-08T21:20:07","modified_gmt":"2025-09-08T19:20:07","slug":"handpoke-tattoo","status":"publish","type":"page","link":"https:\/\/atelier-seelenglueck.de\/index.php\/handpoke-tattoo\/","title":{"rendered":"Handpoke-Tattoo"},"content":{"rendered":"\t\t<div data-elementor-type=\"wp-page\" data-elementor-id=\"16\" class=\"elementor elementor-16\">\n\t\t\t\t<div class=\"elementor-element elementor-element-d63ebe2 e-flex e-con-boxed e-con e-parent\" data-id=\"d63ebe2\" data-element_type=\"container\" data-e-type=\"container\" data-settings=\"{&quot;background_background&quot;:&quot;classic&quot;}\">\n\t\t\t\t\t<div class=\"e-con-inner\">\n\t\t\t\t<div class=\"elementor-element elementor-element-572b123 elementor-widget elementor-widget-spacer\" data-id=\"572b123\" data-element_type=\"widget\" data-e-type=\"widget\" data-widget_type=\"spacer.default\">\n\t\t\t\t<div class=\"elementor-widget-container\">\n\t\t\t\t\t\t\t<div class=\"elementor-spacer\">\n\t\t\t<div class=\"elementor-spacer-inner\"><\/div>\n\t\t<\/div>\n\t\t\t\t\t\t<\/div>\n\t\t\t\t<\/div>\n\t\t\t\t<div class=\"elementor-element elementor-element-569ce7a elementor-widget-mobile__width-initial elementor-widget__width-initial elementor-widget elementor-widget-heading\" data-id=\"569ce7a\" data-element_type=\"widget\" data-e-type=\"widget\" data-widget_type=\"heading.default\">\n\t\t\t\t<div class=\"elementor-widget-container\">\n\t\t\t\t\t<h2 class=\"elementor-heading-title elementor-size-default\">Handpoked Tattoos \u2013 Kunst, die unter die Haut geht<\/h2>\t\t\t\t<\/div>\n\t\t\t\t<\/div>\n\t\t\t\t<div class=\"elementor-element elementor-element-0060867 elementor-widget elementor-widget-spacer\" data-id=\"0060867\" data-element_type=\"widget\" data-e-type=\"widget\" data-widget_type=\"spacer.default\">\n\t\t\t\t<div class=\"elementor-widget-container\">\n\t\t\t\t\t\t\t<div class=\"elementor-spacer\">\n\t\t\t<div class=\"elementor-spacer-inner\"><\/div>\n\t\t<\/div>\n\t\t\t\t\t\t<\/div>\n\t\t\t\t<\/div>\n\t\t\t\t<div class=\"elementor-element elementor-element-c5cc5a9 elementor-widget__width-initial elementor-widget elementor-widget-text-editor\" data-id=\"c5cc5a9\" data-element_type=\"widget\" data-e-type=\"widget\" data-widget_type=\"text-editor.default\">\n\t\t\t\t<div class=\"elementor-widget-container\">\n\t\t\t\t\t\t\t\t\t<p>Spezialisiert habe ich mich auf die Handpoke Tattoo Technik \u2013 eine urspr\u00fcngliche, meditative Form des T\u00e4towierens, die ganz ohne Maschine auskommt.<br \/>Hierbei entsteht jedes Motiv Punkt f\u00fcr Punkt in ruhiger, achtsamer Atmosph\u00e4re. Das Ergebnis sind feine, detailreiche Tattoos, die durch ihre besondere Sanftheit und Pr\u00e4zision echte Unikate sind.<\/p>\t\t\t\t\t\t\t\t<\/div>\n\t\t\t\t<\/div>\n\t\t\t\t<div class=\"elementor-element elementor-element-ec96ea1 elementor-widget elementor-widget-spacer\" data-id=\"ec96ea1\" data-element_type=\"widget\" data-e-type=\"widget\" data-widget_type=\"spacer.default\">\n\t\t\t\t<div class=\"elementor-widget-container\">\n\t\t\t\t\t\t\t<div class=\"elementor-spacer\">\n\t\t\t<div class=\"elementor-spacer-inner\"><\/div>\n\t\t<\/div>\n\t\t\t\t\t\t<\/div>\n\t\t\t\t<\/div>\n\t\t<div class=\"elementor-element elementor-element-e141a58 e-grid e-con-full e-con e-child\" data-id=\"e141a58\" data-element_type=\"container\" data-e-type=\"container\">\n\t\t\t\t<div class=\"elementor-element elementor-element-dba6eac elementor-widget__width-initial elementor-widget elementor-widget-text-editor\" data-id=\"dba6eac\" data-element_type=\"widget\" data-e-type=\"widget\" data-widget_type=\"text-editor.default\">\n\t\t\t\t<div class=\"elementor-widget-container\">\n\t\t\t\t\t\t\t\t\t<p><strong>Was ist Handpoke?<\/strong><\/p><p>Handpoke-Tattoos werden ohne Maschine, allein durch pr\u00e4zises, manuelles Stechen von Hand, erstellt. Diese traditionelle Technik erlaubt es mir, durch feinste Punkte und Linien ein einzigartiges Tattoo zu erschaffen. <br \/>Besonders f\u00fcr zarte Motive wie Mandalas oder besch\u00fctzende Symbole eignet sich diese Methode hervorragend.<\/p>\t\t\t\t\t\t\t\t<\/div>\n\t\t\t\t<\/div>\n\t\t\t\t<div class=\"elementor-element elementor-element-1cc0699 elementor-widget__width-initial elementor-widget elementor-widget-image\" data-id=\"1cc0699\" data-element_type=\"widget\" data-e-type=\"widget\" data-widget_type=\"image.default\">\n\t\t\t\t<div class=\"elementor-widget-container\">\n\t\t\t\t\t\t\t\t\t\t\t\t\t\t\t<img fetchpriority=\"high\" decoding=\"async\" width=\"600\" height=\"600\" src=\"https:\/\/atelier-seelenglueck.de\/wp-content\/uploads\/2025\/01\/WhatsApp-Bild-2025-01-17-um-20.00.05_8cddfce8-600x600.jpg\" class=\"attachment-ocean-thumb-m size-ocean-thumb-m wp-image-583\" alt=\"\" srcset=\"https:\/\/atelier-seelenglueck.de\/wp-content\/uploads\/2025\/01\/WhatsApp-Bild-2025-01-17-um-20.00.05_8cddfce8-600x600.jpg 600w, https:\/\/atelier-seelenglueck.de\/wp-content\/uploads\/2025\/01\/WhatsApp-Bild-2025-01-17-um-20.00.05_8cddfce8-300x300.jpg 300w, https:\/\/atelier-seelenglueck.de\/wp-content\/uploads\/2025\/01\/WhatsApp-Bild-2025-01-17-um-20.00.05_8cddfce8-1024x1024.jpg 1024w, https:\/\/atelier-seelenglueck.de\/wp-content\/uploads\/2025\/01\/WhatsApp-Bild-2025-01-17-um-20.00.05_8cddfce8-150x150.jpg 150w, https:\/\/atelier-seelenglueck.de\/wp-content\/uploads\/2025\/01\/WhatsApp-Bild-2025-01-17-um-20.00.05_8cddfce8-768x768.jpg 768w, https:\/\/atelier-seelenglueck.de\/wp-content\/uploads\/2025\/01\/WhatsApp-Bild-2025-01-17-um-20.00.05_8cddfce8-1536x1536.jpg 1536w, https:\/\/atelier-seelenglueck.de\/wp-content\/uploads\/2025\/01\/WhatsApp-Bild-2025-01-17-um-20.00.05_8cddfce8.jpg 2048w\" sizes=\"(max-width: 600px) 100vw, 600px\" \/>\t\t\t\t\t\t\t\t\t\t\t\t\t\t\t<\/div>\n\t\t\t\t<\/div>\n\t\t\t\t<\/div>\n\t\t\t\t<div class=\"elementor-element elementor-element-cde5347 elementor-widget elementor-widget-spacer\" data-id=\"cde5347\" data-element_type=\"widget\" data-e-type=\"widget\" data-widget_type=\"spacer.default\">\n\t\t\t\t<div class=\"elementor-widget-container\">\n\t\t\t\t\t\t\t<div class=\"elementor-spacer\">\n\t\t\t<div class=\"elementor-spacer-inner\"><\/div>\n\t\t<\/div>\n\t\t\t\t\t\t<\/div>\n\t\t\t\t<\/div>\n\t\t<div class=\"elementor-element elementor-element-5349f19 e-grid e-con-full e-con e-child\" data-id=\"5349f19\" data-element_type=\"container\" data-e-type=\"container\">\n\t\t\t\t<div class=\"elementor-element elementor-element-0339f19 elementor-widget-mobile__width-initial elementor-widget elementor-widget-text-editor\" data-id=\"0339f19\" data-element_type=\"widget\" data-e-type=\"widget\" data-widget_type=\"text-editor.default\">\n\t\t\t\t<div class=\"elementor-widget-container\">\n\t\t\t\t\t\t\t\t\t<p><strong>Vorteile:<\/strong><\/p><ul><li>Geringere Verletzung der Haut, dadurch weniger schmerzhaft.<\/li><li>Schnellere Heilung.<\/li><li>Das Design wirkt weicher und lebendiger \u2013 eben wie Handarbeit.<\/li><li>Etwas l\u00e4ngerer Prozess der eine entspannte und bewusste Atmosph\u00e4re schafft.<\/li><li>Ruhiges Erlebnis ohne das laute Summen einer Maschine kannst du die T\u00e4towierung in einem angenehmen Umfeld genie\u00dfen.<\/li><\/ul>\t\t\t\t\t\t\t\t<\/div>\n\t\t\t\t<\/div>\n\t\t\t\t<div class=\"elementor-element elementor-element-f669cca elementor-widget__width-initial e-transform e-transform e-transform elementor-widget elementor-widget-image\" data-id=\"f669cca\" data-element_type=\"widget\" data-e-type=\"widget\" data-settings=\"{&quot;_transform_flipX_effect&quot;:&quot;transform&quot;,&quot;_transform_rotateZ_effect&quot;:{&quot;unit&quot;:&quot;px&quot;,&quot;size&quot;:&quot;&quot;,&quot;sizes&quot;:[]},&quot;_transform_rotateZ_effect_tablet&quot;:{&quot;unit&quot;:&quot;deg&quot;,&quot;size&quot;:&quot;&quot;,&quot;sizes&quot;:[]},&quot;_transform_rotateZ_effect_mobile&quot;:{&quot;unit&quot;:&quot;deg&quot;,&quot;size&quot;:&quot;&quot;,&quot;sizes&quot;:[]},&quot;_transform_translateX_effect&quot;:{&quot;unit&quot;:&quot;px&quot;,&quot;size&quot;:&quot;&quot;,&quot;sizes&quot;:[]},&quot;_transform_translateX_effect_tablet&quot;:{&quot;unit&quot;:&quot;px&quot;,&quot;size&quot;:&quot;&quot;,&quot;sizes&quot;:[]},&quot;_transform_translateX_effect_mobile&quot;:{&quot;unit&quot;:&quot;px&quot;,&quot;size&quot;:&quot;&quot;,&quot;sizes&quot;:[]},&quot;_transform_translateY_effect&quot;:{&quot;unit&quot;:&quot;px&quot;,&quot;size&quot;:&quot;&quot;,&quot;sizes&quot;:[]},&quot;_transform_translateY_effect_tablet&quot;:{&quot;unit&quot;:&quot;px&quot;,&quot;size&quot;:&quot;&quot;,&quot;sizes&quot;:[]},&quot;_transform_translateY_effect_mobile&quot;:{&quot;unit&quot;:&quot;px&quot;,&quot;size&quot;:&quot;&quot;,&quot;sizes&quot;:[]}}\" data-widget_type=\"image.default\">\n\t\t\t\t<div class=\"elementor-widget-container\">\n\t\t\t\t\t\t\t\t\t\t\t\t\t\t\t<img decoding=\"async\" width=\"1024\" height=\"1024\" src=\"https:\/\/atelier-seelenglueck.de\/wp-content\/uploads\/2025\/01\/WhatsApp-Bild-2025-01-18-um-20.35.07_3afa8e7d-1024x1024.jpg\" class=\"attachment-large size-large wp-image-699\" alt=\"\" srcset=\"https:\/\/atelier-seelenglueck.de\/wp-content\/uploads\/2025\/01\/WhatsApp-Bild-2025-01-18-um-20.35.07_3afa8e7d-1024x1024.jpg 1024w, https:\/\/atelier-seelenglueck.de\/wp-content\/uploads\/2025\/01\/WhatsApp-Bild-2025-01-18-um-20.35.07_3afa8e7d-300x300.jpg 300w, https:\/\/atelier-seelenglueck.de\/wp-content\/uploads\/2025\/01\/WhatsApp-Bild-2025-01-18-um-20.35.07_3afa8e7d-150x150.jpg 150w, https:\/\/atelier-seelenglueck.de\/wp-content\/uploads\/2025\/01\/WhatsApp-Bild-2025-01-18-um-20.35.07_3afa8e7d-768x768.jpg 768w, https:\/\/atelier-seelenglueck.de\/wp-content\/uploads\/2025\/01\/WhatsApp-Bild-2025-01-18-um-20.35.07_3afa8e7d-1536x1536.jpg 1536w, https:\/\/atelier-seelenglueck.de\/wp-content\/uploads\/2025\/01\/WhatsApp-Bild-2025-01-18-um-20.35.07_3afa8e7d-600x600.jpg 600w, https:\/\/atelier-seelenglueck.de\/wp-content\/uploads\/2025\/01\/WhatsApp-Bild-2025-01-18-um-20.35.07_3afa8e7d.jpg 2048w\" sizes=\"(max-width: 1024px) 100vw, 1024px\" \/>\t\t\t\t\t\t\t\t\t\t\t\t\t\t\t<\/div>\n\t\t\t\t<\/div>\n\t\t\t\t<\/div>\n\t\t\t\t<div class=\"elementor-element elementor-element-fd3cd87 elementor-widget elementor-widget-spacer\" data-id=\"fd3cd87\" data-element_type=\"widget\" data-e-type=\"widget\" data-widget_type=\"spacer.default\">\n\t\t\t\t<div class=\"elementor-widget-container\">\n\t\t\t\t\t\t\t<div class=\"elementor-spacer\">\n\t\t\t<div class=\"elementor-spacer-inner\"><\/div>\n\t\t<\/div>\n\t\t\t\t\t\t<\/div>\n\t\t\t\t<\/div>\n\t\t<div class=\"elementor-element elementor-element-33d845b e-grid e-con-full e-con e-child\" data-id=\"33d845b\" data-element_type=\"container\" data-e-type=\"container\">\n\t\t\t\t<div class=\"elementor-element elementor-element-fb34ab0 elementor-widget__width-initial elementor-widget elementor-widget-text-editor\" data-id=\"fb34ab0\" data-element_type=\"widget\" data-e-type=\"widget\" data-widget_type=\"text-editor.default\">\n\t\t\t\t<div class=\"elementor-widget-container\">\n\t\t\t\t\t\t\t\t\t<p><strong>Der Prozess &#8211; In Ruhe und in positiver Energie<\/strong><\/p><p>Bevor wir mit dem eigentlichen T\u00e4towieren beginnen, nehmen wir uns Zeit, dein individuelles Design gemeinsam zu besprechen und zu entwickeln. Jedes Tattoo, das ich steche, ist einzigartig und wird speziell f\u00fcr dich gestaltet. Wir arbeiten in einer ruhigen, entspannten Atmosph\u00e4re, in der du dich vollkommen wohlf\u00fchlen kannst.<\/p>\t\t\t\t\t\t\t\t<\/div>\n\t\t\t\t<\/div>\n\t\t\t\t<div class=\"elementor-element elementor-element-1f0bb5b elementor-widget__width-initial elementor-widget elementor-widget-image\" data-id=\"1f0bb5b\" data-element_type=\"widget\" data-e-type=\"widget\" data-widget_type=\"image.default\">\n\t\t\t\t<div class=\"elementor-widget-container\">\n\t\t\t\t\t\t\t\t\t\t\t\t\t\t\t<img decoding=\"async\" width=\"968\" height=\"1024\" src=\"https:\/\/atelier-seelenglueck.de\/wp-content\/uploads\/2024\/12\/TattooArea-968x1024.jpg\" class=\"attachment-large size-large wp-image-446\" alt=\"\" srcset=\"https:\/\/atelier-seelenglueck.de\/wp-content\/uploads\/2024\/12\/TattooArea-968x1024.jpg 968w, https:\/\/atelier-seelenglueck.de\/wp-content\/uploads\/2024\/12\/TattooArea-283x300.jpg 283w, https:\/\/atelier-seelenglueck.de\/wp-content\/uploads\/2024\/12\/TattooArea-768x813.jpg 768w, https:\/\/atelier-seelenglueck.de\/wp-content\/uploads\/2024\/12\/TattooArea-1451x1536.jpg 1451w, https:\/\/atelier-seelenglueck.de\/wp-content\/uploads\/2024\/12\/TattooArea.jpg 1935w\" sizes=\"(max-width: 968px) 100vw, 968px\" \/>\t\t\t\t\t\t\t\t\t\t\t\t\t\t\t<\/div>\n\t\t\t\t<\/div>\n\t\t\t\t<\/div>\n\t\t\t\t<div class=\"elementor-element elementor-element-fe97308 elementor-widget elementor-widget-spacer\" data-id=\"fe97308\" data-element_type=\"widget\" data-e-type=\"widget\" data-widget_type=\"spacer.default\">\n\t\t\t\t<div class=\"elementor-widget-container\">\n\t\t\t\t\t\t\t<div class=\"elementor-spacer\">\n\t\t\t<div class=\"elementor-spacer-inner\"><\/div>\n\t\t<\/div>\n\t\t\t\t\t\t<\/div>\n\t\t\t\t<\/div>\n\t\t<div class=\"elementor-element elementor-element-b9af435 e-grid e-con-full e-con e-child\" data-id=\"b9af435\" data-element_type=\"container\" data-e-type=\"container\">\n\t\t\t\t<div class=\"elementor-element elementor-element-27047aa elementor-widget__width-initial elementor-widget elementor-widget-text-editor\" data-id=\"27047aa\" data-element_type=\"widget\" data-e-type=\"widget\" data-widget_type=\"text-editor.default\">\n\t\t\t\t<div class=\"elementor-widget-container\">\n\t\t\t\t\t\t\t\t\t<p><strong>Hygiene und Sicherheit<\/strong><\/p><p>Deine Sicherheit und Gesundheit haben f\u00fcr mich oberste Priorit\u00e4t. <br \/>In meinem Atelier halte ich mich streng an alle hygienischen Vorschriften, um uns ein sicheres und sauberes Umfeld zu bieten.<\/p>\t\t\t\t\t\t\t\t<\/div>\n\t\t\t\t<\/div>\n\t\t\t\t<div class=\"elementor-element elementor-element-a219b8e elementor-widget__width-initial elementor-widget elementor-widget-image\" data-id=\"a219b8e\" data-element_type=\"widget\" data-e-type=\"widget\" data-widget_type=\"image.default\">\n\t\t\t\t<div class=\"elementor-widget-container\">\n\t\t\t\t\t\t\t\t\t\t\t\t\t\t\t<img loading=\"lazy\" decoding=\"async\" width=\"600\" height=\"600\" src=\"https:\/\/atelier-seelenglueck.de\/wp-content\/uploads\/2025\/01\/WhatsApp-Bild-2025-01-18-um-21.01.28_0222023d-600x600.jpg\" class=\"attachment-ocean-thumb-m size-ocean-thumb-m wp-image-704\" alt=\"\" srcset=\"https:\/\/atelier-seelenglueck.de\/wp-content\/uploads\/2025\/01\/WhatsApp-Bild-2025-01-18-um-21.01.28_0222023d-600x600.jpg 600w, https:\/\/atelier-seelenglueck.de\/wp-content\/uploads\/2025\/01\/WhatsApp-Bild-2025-01-18-um-21.01.28_0222023d-150x150.jpg 150w\" sizes=\"(max-width: 600px) 100vw, 600px\" \/>\t\t\t\t\t\t\t\t\t\t\t\t\t\t\t<\/div>\n\t\t\t\t<\/div>\n\t\t\t\t<\/div>\n\t\t\t\t<div class=\"elementor-element elementor-element-b5fbba9 elementor-widget elementor-widget-spacer\" data-id=\"b5fbba9\" data-element_type=\"widget\" data-e-type=\"widget\" data-widget_type=\"spacer.default\">\n\t\t\t\t<div class=\"elementor-widget-container\">\n\t\t\t\t\t\t\t<div class=\"elementor-spacer\">\n\t\t\t<div class=\"elementor-spacer-inner\"><\/div>\n\t\t<\/div>\n\t\t\t\t\t\t<\/div>\n\t\t\t\t<\/div>\n\t\t\t\t\t<\/div>\n\t\t\t\t<\/div>\n\t\t\t\t<\/div>\n\t\t","protected":false},"excerpt":{"rendered":"<p>Handpoked Tattoos \u2013 Kunst, die unter die Haut geht Spezialisiert habe ich mich auf die Handpoke Tattoo Technik \u2013 eine urspr\u00fcngliche, meditative Form des T\u00e4towierens, die ganz ohne Maschine auskommt.Hierbei entsteht jedes Motiv Punkt f\u00fcr Punkt in ruhiger, achtsamer Atmosph\u00e4re. Das Ergebnis sind feine, detailreiche Tattoos, die durch ihre besondere Sanftheit und Pr\u00e4zision echte Unikate [&hellip;]<\/p>\n","protected":false},"author":1,"featured_media":0,"parent":0,"menu_order":0,"comment_status":"closed","ping_status":"closed","template":"","meta":{"footnotes":""},"class_list":["post-16","page","type-page","status-publish","hentry","entry"],"_links":{"self":[{"href":"https:\/\/atelier-seelenglueck.de\/index.php\/wp-json\/wp\/v2\/pages\/16","targetHints":{"allow":["GET"]}}],"collection":[{"href":"https:\/\/atelier-seelenglueck.de\/index.php\/wp-json\/wp\/v2\/pages"}],"about":[{"href":"https:\/\/atelier-seelenglueck.de\/index.php\/wp-json\/wp\/v2\/types\/page"}],"author":[{"embeddable":true,"href":"https:\/\/atelier-seelenglueck.de\/index.php\/wp-json\/wp\/v2\/users\/1"}],"replies":[{"embeddable":true,"href":"https:\/\/atelier-seelenglueck.de\/index.php\/wp-json\/wp\/v2\/comments?post=16"}],"version-history":[{"count":154,"href":"https:\/\/atelier-seelenglueck.de\/index.php\/wp-json\/wp\/v2\/pages\/16\/revisions"}],"predecessor-version":[{"id":1556,"href":"https:\/\/atelier-seelenglueck.de\/index.php\/wp-json\/wp\/v2\/pages\/16\/revisions\/1556"}],"wp:attachment":[{"href":"https:\/\/atelier-seelenglueck.de\/index.php\/wp-json\/wp\/v2\/media?parent=16"}],"curies":[{"name":"wp","href":"https:\/\/api.w.org\/{rel}","templated":true}]}}