{"id":19,"date":"2024-10-24T10:28:39","date_gmt":"2024-10-24T08:28:39","guid":{"rendered":"https:\/\/atelier-seelenglueck.de\/?page_id=19"},"modified":"2026-01-04T21:35:11","modified_gmt":"2026-01-04T20:35:11","slug":"kunst","status":"publish","type":"page","link":"https:\/\/atelier-seelenglueck.de\/index.php\/kunst\/","title":{"rendered":"Kunst"},"content":{"rendered":"\t\t<div data-elementor-type=\"wp-page\" data-elementor-id=\"19\" class=\"elementor elementor-19\">\n\t\t\t\t<div class=\"elementor-element elementor-element-a645924 e-con-full e-flex e-con e-parent\" data-id=\"a645924\" data-element_type=\"container\" data-e-type=\"container\" data-settings=\"{&quot;background_background&quot;:&quot;classic&quot;}\">\n\t\t\t\t<div class=\"elementor-element elementor-element-3746177 elementor-widget__width-inherit elementor-widget elementor-widget-image\" data-id=\"3746177\" data-element_type=\"widget\" data-e-type=\"widget\" data-widget_type=\"image.default\">\n\t\t\t\t<div class=\"elementor-widget-container\">\n\t\t\t\t\t\t\t\t\t\t\t\t\t\t\t<img fetchpriority=\"high\" decoding=\"async\" width=\"1024\" height=\"435\" src=\"https:\/\/atelier-seelenglueck.de\/wp-content\/uploads\/2026\/01\/WhatsApp-Image-2026-01-04-at-16.51.38-1024x435.jpeg\" class=\"attachment-large size-large wp-image-1980\" alt=\"\" srcset=\"https:\/\/atelier-seelenglueck.de\/wp-content\/uploads\/2026\/01\/WhatsApp-Image-2026-01-04-at-16.51.38-1024x435.jpeg 1024w, https:\/\/atelier-seelenglueck.de\/wp-content\/uploads\/2026\/01\/WhatsApp-Image-2026-01-04-at-16.51.38-300x127.jpeg 300w, https:\/\/atelier-seelenglueck.de\/wp-content\/uploads\/2026\/01\/WhatsApp-Image-2026-01-04-at-16.51.38-768x326.jpeg 768w, https:\/\/atelier-seelenglueck.de\/wp-content\/uploads\/2026\/01\/WhatsApp-Image-2026-01-04-at-16.51.38.jpeg 1277w\" sizes=\"(max-width: 1024px) 100vw, 1024px\" \/>\t\t\t\t\t\t\t\t\t\t\t\t\t\t\t<\/div>\n\t\t\t\t<\/div>\n\t\t\t\t<div class=\"elementor-element elementor-element-ca68854 elementor-widget elementor-widget-spacer\" data-id=\"ca68854\" data-element_type=\"widget\" data-e-type=\"widget\" data-widget_type=\"spacer.default\">\n\t\t\t\t<div class=\"elementor-widget-container\">\n\t\t\t\t\t\t\t<div class=\"elementor-spacer\">\n\t\t\t<div class=\"elementor-spacer-inner\"><\/div>\n\t\t<\/div>\n\t\t\t\t\t\t<\/div>\n\t\t\t\t<\/div>\n\t\t\t\t<div class=\"elementor-element elementor-element-cbc7c36 elementor-widget__width-initial elementor-widget elementor-widget-heading\" data-id=\"cbc7c36\" data-element_type=\"widget\" data-e-type=\"widget\" data-widget_type=\"heading.default\">\n\t\t\t\t<div class=\"elementor-widget-container\">\n\t\t\t\t\t<h2 class=\"elementor-heading-title elementor-size-default\">Meine Kunst<\/h2>\t\t\t\t<\/div>\n\t\t\t\t<\/div>\n\t\t\t\t<div class=\"elementor-element elementor-element-5374f50 elementor-widget elementor-widget-spacer\" data-id=\"5374f50\" data-element_type=\"widget\" data-e-type=\"widget\" data-widget_type=\"spacer.default\">\n\t\t\t\t<div class=\"elementor-widget-container\">\n\t\t\t\t\t\t\t<div class=\"elementor-spacer\">\n\t\t\t<div class=\"elementor-spacer-inner\"><\/div>\n\t\t<\/div>\n\t\t\t\t\t\t<\/div>\n\t\t\t\t<\/div>\n\t\t\t\t<div class=\"elementor-element elementor-element-3ae9e26 elementor-widget__width-initial elementor-widget elementor-widget-text-editor\" data-id=\"3ae9e26\" data-element_type=\"widget\" data-e-type=\"widget\" data-widget_type=\"text-editor.default\">\n\t\t\t\t<div class=\"elementor-widget-container\">\n\t\t\t\t\t\t\t\t\t<p>Das Malen mit verschiedenen Farben und auf unterschiedlichen Formen spielt eine zentrale Rolle in meinem Leben.<br \/>Die Natur ist dabei meine gr\u00f6\u00dfte Inspirationsquelle \u2013 ihre Vielfalt, die leuchtenden Farben und die geometrischen Formen wecken in mir immer wieder neue Ideen.<br \/>Die Liebe zum Detail und meine ruhige Hand erm\u00f6glicht es mir, diese Ideen pr\u00e4zise und sorgf\u00e4ltig umzusetzen.<\/p>\t\t\t\t\t\t\t\t<\/div>\n\t\t\t\t<\/div>\n\t\t\t\t<div class=\"elementor-element elementor-element-24a508a elementor-widget elementor-widget-spacer\" data-id=\"24a508a\" data-element_type=\"widget\" data-e-type=\"widget\" data-widget_type=\"spacer.default\">\n\t\t\t\t<div class=\"elementor-widget-container\">\n\t\t\t\t\t\t\t<div class=\"elementor-spacer\">\n\t\t\t<div class=\"elementor-spacer-inner\"><\/div>\n\t\t<\/div>\n\t\t\t\t\t\t<\/div>\n\t\t\t\t<\/div>\n\t\t\t\t<div class=\"elementor-element elementor-element-10ff759 elementor-widget__width-initial elementor-widget elementor-widget-text-editor\" data-id=\"10ff759\" data-element_type=\"widget\" data-e-type=\"widget\" data-widget_type=\"text-editor.default\">\n\t\t\t\t<div class=\"elementor-widget-container\">\n\t\t\t\t\t\t\t\t\t<p>Besonders die Arbeit mit Mandalas und Dotpainting (Punktmalerei) ber\u00fchrt mich sehr.<br \/>Das ruhige Setzen von Punkten hat etwas Meditatives und erm\u00f6glicht mir, mit gro\u00dfer Achtsamkeit und Liebe zum Detail zu arbeiten.<\/p>\t\t\t\t\t\t\t\t<\/div>\n\t\t\t\t<\/div>\n\t\t\t\t<div class=\"elementor-element elementor-element-0a020c5 elementor-widget elementor-widget-spacer\" data-id=\"0a020c5\" data-element_type=\"widget\" data-e-type=\"widget\" data-widget_type=\"spacer.default\">\n\t\t\t\t<div class=\"elementor-widget-container\">\n\t\t\t\t\t\t\t<div class=\"elementor-spacer\">\n\t\t\t<div class=\"elementor-spacer-inner\"><\/div>\n\t\t<\/div>\n\t\t\t\t\t\t<\/div>\n\t\t\t\t<\/div>\n\t\t\t\t<div class=\"elementor-element elementor-element-75615ee elementor-widget__width-initial elementor-widget elementor-widget-text-editor\" data-id=\"75615ee\" data-element_type=\"widget\" data-e-type=\"widget\" data-widget_type=\"text-editor.default\">\n\t\t\t\t<div class=\"elementor-widget-container\">\n\t\t\t\t\t\t\t\t\t<p>Auf Kunsthandwerkerm\u00e4rkten und Messen teile ich meine Kunst mit anderen.<br \/>Es erf\u00fcllt mich mit Freude, meine Werke und handbemalten Gl\u00fcckssteine zu pr\u00e4sentieren und zu sehen, wie sie Menschen ber\u00fchren und ein L\u00e4cheln mit auf den Weg geben.<br \/>N\u00e4chster Halt 2026:<\/p>\t\t\t\t\t\t\t\t<\/div>\n\t\t\t\t<\/div>\n\t\t\t\t<div class=\"elementor-element elementor-element-23193b2 elementor-widget elementor-widget-spacer\" data-id=\"23193b2\" data-element_type=\"widget\" data-e-type=\"widget\" data-widget_type=\"spacer.default\">\n\t\t\t\t<div class=\"elementor-widget-container\">\n\t\t\t\t\t\t\t<div class=\"elementor-spacer\">\n\t\t\t<div class=\"elementor-spacer-inner\"><\/div>\n\t\t<\/div>\n\t\t\t\t\t\t<\/div>\n\t\t\t\t<\/div>\n\t\t\t\t<\/div>\n\t\t\t\t<\/div>\n\t\t","protected":false},"excerpt":{"rendered":"<p>Meine Kunst Das Malen mit verschiedenen Farben und auf unterschiedlichen Formen spielt eine zentrale Rolle in meinem Leben.Die Natur ist dabei meine gr\u00f6\u00dfte Inspirationsquelle \u2013 ihre Vielfalt, die leuchtenden Farben und die geometrischen Formen wecken in mir immer wieder neue Ideen.Die Liebe zum Detail und meine ruhige Hand erm\u00f6glicht es mir, diese Ideen pr\u00e4zise und [&hellip;]<\/p>\n","protected":false},"author":1,"featured_media":0,"parent":0,"menu_order":0,"comment_status":"closed","ping_status":"closed","template":"","meta":{"footnotes":""},"class_list":["post-19","page","type-page","status-publish","hentry","entry"],"_links":{"self":[{"href":"https:\/\/atelier-seelenglueck.de\/index.php\/wp-json\/wp\/v2\/pages\/19","targetHints":{"allow":["GET"]}}],"collection":[{"href":"https:\/\/atelier-seelenglueck.de\/index.php\/wp-json\/wp\/v2\/pages"}],"about":[{"href":"https:\/\/atelier-seelenglueck.de\/index.php\/wp-json\/wp\/v2\/types\/page"}],"author":[{"embeddable":true,"href":"https:\/\/atelier-seelenglueck.de\/index.php\/wp-json\/wp\/v2\/users\/1"}],"replies":[{"embeddable":true,"href":"https:\/\/atelier-seelenglueck.de\/index.php\/wp-json\/wp\/v2\/comments?post=19"}],"version-history":[{"count":203,"href":"https:\/\/atelier-seelenglueck.de\/index.php\/wp-json\/wp\/v2\/pages\/19\/revisions"}],"predecessor-version":[{"id":2032,"href":"https:\/\/atelier-seelenglueck.de\/index.php\/wp-json\/wp\/v2\/pages\/19\/revisions\/2032"}],"wp:attachment":[{"href":"https:\/\/atelier-seelenglueck.de\/index.php\/wp-json\/wp\/v2\/media?parent=19"}],"curies":[{"name":"wp","href":"https:\/\/api.w.org\/{rel}","templated":true}]}}