{"id":426,"date":"2024-12-11T10:08:39","date_gmt":"2024-12-11T09:08:39","guid":{"rendered":"https:\/\/atelier-seelenglueck.de\/?page_id=426"},"modified":"2026-01-04T15:32:32","modified_gmt":"2026-01-04T14:32:32","slug":"tattoo","status":"publish","type":"page","link":"https:\/\/atelier-seelenglueck.de\/index.php\/tattoo\/","title":{"rendered":"Tattoo"},"content":{"rendered":"\t\t<div data-elementor-type=\"wp-page\" data-elementor-id=\"426\" class=\"elementor elementor-426\">\n\t\t\t\t<div class=\"elementor-element elementor-element-c34ea11 e-flex e-con-boxed e-con e-parent\" data-id=\"c34ea11\" data-element_type=\"container\" data-e-type=\"container\" data-settings=\"{&quot;background_background&quot;:&quot;classic&quot;}\">\n\t\t\t\t\t<div class=\"e-con-inner\">\n\t\t\t\t<div class=\"elementor-element elementor-element-651a7a7 elementor-widget__width-initial elementor-widget elementor-widget-image\" data-id=\"651a7a7\" data-element_type=\"widget\" data-e-type=\"widget\" data-widget_type=\"image.default\">\n\t\t\t\t<div class=\"elementor-widget-container\">\n\t\t\t\t\t\t\t\t\t\t\t\t\t\t\t<img fetchpriority=\"high\" decoding=\"async\" width=\"1200\" height=\"510\" src=\"https:\/\/atelier-seelenglueck.de\/wp-content\/uploads\/2026\/01\/WhatsApp-Image-2026-01-04-at-15.25.10-3.jpeg\" class=\"attachment-full size-full wp-image-1955\" alt=\"\" srcset=\"https:\/\/atelier-seelenglueck.de\/wp-content\/uploads\/2026\/01\/WhatsApp-Image-2026-01-04-at-15.25.10-3.jpeg 1200w, https:\/\/atelier-seelenglueck.de\/wp-content\/uploads\/2026\/01\/WhatsApp-Image-2026-01-04-at-15.25.10-3-300x128.jpeg 300w, https:\/\/atelier-seelenglueck.de\/wp-content\/uploads\/2026\/01\/WhatsApp-Image-2026-01-04-at-15.25.10-3-1024x435.jpeg 1024w, https:\/\/atelier-seelenglueck.de\/wp-content\/uploads\/2026\/01\/WhatsApp-Image-2026-01-04-at-15.25.10-3-768x326.jpeg 768w\" sizes=\"(max-width: 1200px) 100vw, 1200px\" \/>\t\t\t\t\t\t\t\t\t\t\t\t\t\t\t<\/div>\n\t\t\t\t<\/div>\n\t\t\t\t<div class=\"elementor-element elementor-element-36e1c4f elementor-widget elementor-widget-spacer\" data-id=\"36e1c4f\" data-element_type=\"widget\" data-e-type=\"widget\" data-widget_type=\"spacer.default\">\n\t\t\t\t<div class=\"elementor-widget-container\">\n\t\t\t\t\t\t\t<div class=\"elementor-spacer\">\n\t\t\t<div class=\"elementor-spacer-inner\"><\/div>\n\t\t<\/div>\n\t\t\t\t\t\t<\/div>\n\t\t\t\t<\/div>\n\t\t\t\t<div class=\"elementor-element elementor-element-4fd2fbb elementor-widget__width-initial elementor-widget elementor-widget-heading\" data-id=\"4fd2fbb\" data-element_type=\"widget\" data-e-type=\"widget\" data-widget_type=\"heading.default\">\n\t\t\t\t<div class=\"elementor-widget-container\">\n\t\t\t\t\t<h2 class=\"elementor-heading-title elementor-size-default\">Handpoke - Tattoo<\/h2>\t\t\t\t<\/div>\n\t\t\t\t<\/div>\n\t\t\t\t<div class=\"elementor-element elementor-element-919953c elementor-widget elementor-widget-spacer\" data-id=\"919953c\" data-element_type=\"widget\" data-e-type=\"widget\" data-widget_type=\"spacer.default\">\n\t\t\t\t<div class=\"elementor-widget-container\">\n\t\t\t\t\t\t\t<div class=\"elementor-spacer\">\n\t\t\t<div class=\"elementor-spacer-inner\"><\/div>\n\t\t<\/div>\n\t\t\t\t\t\t<\/div>\n\t\t\t\t<\/div>\n\t\t\t\t<div class=\"elementor-element elementor-element-edf3d7b elementor-widget__width-initial elementor-widget elementor-widget-text-editor\" data-id=\"edf3d7b\" data-element_type=\"widget\" data-e-type=\"widget\" data-widget_type=\"text-editor.default\">\n\t\t\t\t<div class=\"elementor-widget-container\">\n\t\t\t\t\t\t\t\t\t<p>T\u00e4towierungen geh\u00f6ren zu den \u00e4ltesten Kunstformen der Menschheit.<br \/>Seit Jahrtausenden dienen sie in verschiedensten Kulturen als Ausdruck von Identit\u00e4t, Spiritualit\u00e4t und Zugeh\u00f6rigkeit.<br \/>Tattoos erz\u00e4hlen Geschichten, bewahren Erinnerungen und markieren pers\u00f6nliche Meilensteine.<\/p><p>F\u00fcr mich sind T\u00e4towierungen weit mehr als K\u00f6rperkunst \u2013 sie sind eine Verbindung von Tradition und Gegenwart, ein Spiegel von Individualit\u00e4t, innerer Bedeutung und bewusster Entscheidung.<\/p>\t\t\t\t\t\t\t\t<\/div>\n\t\t\t\t<\/div>\n\t\t\t\t<div class=\"elementor-element elementor-element-b8f9568 elementor-widget elementor-widget-spacer\" data-id=\"b8f9568\" data-element_type=\"widget\" data-e-type=\"widget\" data-widget_type=\"spacer.default\">\n\t\t\t\t<div class=\"elementor-widget-container\">\n\t\t\t\t\t\t\t<div class=\"elementor-spacer\">\n\t\t\t<div class=\"elementor-spacer-inner\"><\/div>\n\t\t<\/div>\n\t\t\t\t\t\t<\/div>\n\t\t\t\t<\/div>\n\t\t\t\t<div class=\"elementor-element elementor-element-2cd342d elementor-widget__width-initial elementor-widget elementor-widget-text-editor\" data-id=\"2cd342d\" data-element_type=\"widget\" data-e-type=\"widget\" data-widget_type=\"text-editor.default\">\n\t\t\t\t<div class=\"elementor-widget-container\">\n\t\t\t\t\t\t\t\t\t<p>Ich arbeite ruhig, achtsam und mit viel Gesp\u00fcr f\u00fcr den Menschen vor mir.<br \/>Meine T\u00e4towierungen entsteht in der Handpoke Technik \u2013 einer traditionellen Art des T\u00e4towierens, bei der jeder Punkt von Hand gesetzt wird.<br \/>Diese langsame Arbeitsweise schafft Raum f\u00fcr Pr\u00e4senz, Verbindung und Tiefe.<br \/>Jedes Tattoo ist individuell.<br \/>Es entsteht nicht nur auf der Haut, sondern im Zusammenspiel von Idee, Gef\u00fchl und Vertrauen.<\/p>\t\t\t\t\t\t\t\t<\/div>\n\t\t\t\t<\/div>\n\t\t\t\t<div class=\"elementor-element elementor-element-378a4f0 elementor-widget elementor-widget-spacer\" data-id=\"378a4f0\" data-element_type=\"widget\" data-e-type=\"widget\" data-widget_type=\"spacer.default\">\n\t\t\t\t<div class=\"elementor-widget-container\">\n\t\t\t\t\t\t\t<div class=\"elementor-spacer\">\n\t\t\t<div class=\"elementor-spacer-inner\"><\/div>\n\t\t<\/div>\n\t\t\t\t\t\t<\/div>\n\t\t\t\t<\/div>\n\t\t\t\t<div class=\"elementor-element elementor-element-a44b960 elementor-widget__width-initial elementor-widget elementor-widget-text-editor\" data-id=\"a44b960\" data-element_type=\"widget\" data-e-type=\"widget\" data-widget_type=\"text-editor.default\">\n\t\t\t\t<div class=\"elementor-widget-container\">\n\t\t\t\t\t\t\t\t\t<h3>Von der ersten Idee<\/h3><p>Ein Gespr\u00e4ch, ein Gef\u00fchl, ein inneres Bild.<\/p><h3>Der Entwurf<\/h3><p>Intuitiv, abgestimmt auf deinen K\u00f6rper und deine Geschichte.<\/p><h3>Der T\u00e4towiermoment<\/h3><p>Punkt f\u00fcr Punkt \u2013 bewusst, ruhig, im eigenen Rhythmus.<\/p><h3>Das Nachwirken<\/h3><p>Dein Tattoo darf heilen, sich setzen und Teil von dir werden.<\/p><h3>Pflege &amp; Heilung<\/h3><p>Dein Tattoo ist in den ersten Tagen eine kleine Wunde \u2013 und ein neues Zeichen auf deinem K\u00f6rper.<br \/>Du erh\u00e4ltst von mir eine pers\u00f6nliche Pflegeanleitung, damit dein Tattoo gut heilen und lange seine Klarheit bewahrt.<\/p><p>\u00a0<\/p>\t\t\t\t\t\t\t\t<\/div>\n\t\t\t\t<\/div>\n\t\t\t\t<div class=\"elementor-element elementor-element-789eda5 elementor-widget__width-initial elementor-widget elementor-widget-text-editor\" data-id=\"789eda5\" data-element_type=\"widget\" data-e-type=\"widget\" data-widget_type=\"text-editor.default\">\n\t\t\t\t<div class=\"elementor-widget-container\">\n\t\t\t\t\t\t\t\t\t<p>Jedes Tattoo erz\u00e4hlt seine eigene Geschichte.<br \/>Eine Auswahl meiner Arbeiten findest du in der Galerie.<br \/>Wenn du sp\u00fcrst, dass meine Arbeit zu dir passt, freue ich mich auf deine Anfrage.<br \/>Jedes Tattoo beginnt mit einem Gespr\u00e4ch.<\/p>\t\t\t\t\t\t\t\t<\/div>\n\t\t\t\t<\/div>\n\t\t\t\t<div class=\"elementor-element elementor-element-2625aa6 elementor-widget elementor-widget-spacer\" data-id=\"2625aa6\" data-element_type=\"widget\" data-e-type=\"widget\" data-widget_type=\"spacer.default\">\n\t\t\t\t<div class=\"elementor-widget-container\">\n\t\t\t\t\t\t\t<div class=\"elementor-spacer\">\n\t\t\t<div class=\"elementor-spacer-inner\"><\/div>\n\t\t<\/div>\n\t\t\t\t\t\t<\/div>\n\t\t\t\t<\/div>\n\t\t\t\t<div class=\"elementor-element elementor-element-b49f28e elementor-widget elementor-widget-image\" data-id=\"b49f28e\" data-element_type=\"widget\" data-e-type=\"widget\" data-widget_type=\"image.default\">\n\t\t\t\t<div class=\"elementor-widget-container\">\n\t\t\t\t\t\t\t\t\t\t\t\t\t\t\t<img decoding=\"async\" width=\"1024\" height=\"435\" src=\"https:\/\/atelier-seelenglueck.de\/wp-content\/uploads\/2026\/01\/WhatsApp-Image-2026-01-04-at-15.25.10-2-1024x435.jpeg\" class=\"attachment-large size-large wp-image-1954\" alt=\"\" srcset=\"https:\/\/atelier-seelenglueck.de\/wp-content\/uploads\/2026\/01\/WhatsApp-Image-2026-01-04-at-15.25.10-2-1024x435.jpeg 1024w, https:\/\/atelier-seelenglueck.de\/wp-content\/uploads\/2026\/01\/WhatsApp-Image-2026-01-04-at-15.25.10-2-300x128.jpeg 300w, https:\/\/atelier-seelenglueck.de\/wp-content\/uploads\/2026\/01\/WhatsApp-Image-2026-01-04-at-15.25.10-2-768x326.jpeg 768w, https:\/\/atelier-seelenglueck.de\/wp-content\/uploads\/2026\/01\/WhatsApp-Image-2026-01-04-at-15.25.10-2.jpeg 1440w\" sizes=\"(max-width: 1024px) 100vw, 1024px\" \/>\t\t\t\t\t\t\t\t\t\t\t\t\t\t\t<\/div>\n\t\t\t\t<\/div>\n\t\t\t\t<div class=\"elementor-element elementor-element-5ad2d95 elementor-align-center elementor-widget elementor-widget-button\" data-id=\"5ad2d95\" data-element_type=\"widget\" data-e-type=\"widget\" data-widget_type=\"button.default\">\n\t\t\t\t<div class=\"elementor-widget-container\">\n\t\t\t\t\t\t\t\t\t<div class=\"elementor-button-wrapper\">\n\t\t\t\t\t<a class=\"elementor-button elementor-button-link elementor-size-sm\" href=\"https:\/\/atelier-seelenglueck.de\/index.php\/galerie\/\">\n\t\t\t\t\t\t<span class=\"elementor-button-content-wrapper\">\n\t\t\t\t\t\t<span class=\"elementor-button-icon\">\n\t\t\t\t<svg aria-hidden=\"true\" class=\"e-font-icon-svg e-fas-camera\" viewBox=\"0 0 512 512\" xmlns=\"http:\/\/www.w3.org\/2000\/svg\"><path d=\"M512 144v288c0 26.5-21.5 48-48 48H48c-26.5 0-48-21.5-48-48V144c0-26.5 21.5-48 48-48h88l12.3-32.9c7-18.7 24.9-31.1 44.9-31.1h125.5c20 0 37.9 12.4 44.9 31.1L376 96h88c26.5 0 48 21.5 48 48zM376 288c0-66.2-53.8-120-120-120s-120 53.8-120 120 53.8 120 120 120 120-53.8 120-120zm-32 0c0 48.5-39.5 88-88 88s-88-39.5-88-88 39.5-88 88-88 88 39.5 88 88z\"><\/path><\/svg>\t\t\t<\/span>\n\t\t\t\t\t\t\t\t\t<span class=\"elementor-button-text\">click me<\/span>\n\t\t\t\t\t<\/span>\n\t\t\t\t\t<\/a>\n\t\t\t\t<\/div>\n\t\t\t\t\t\t\t\t<\/div>\n\t\t\t\t<\/div>\n\t\t\t\t<div class=\"elementor-element elementor-element-38db6cb elementor-widget elementor-widget-spacer\" data-id=\"38db6cb\" data-element_type=\"widget\" data-e-type=\"widget\" data-widget_type=\"spacer.default\">\n\t\t\t\t<div class=\"elementor-widget-container\">\n\t\t\t\t\t\t\t<div class=\"elementor-spacer\">\n\t\t\t<div class=\"elementor-spacer-inner\"><\/div>\n\t\t<\/div>\n\t\t\t\t\t\t<\/div>\n\t\t\t\t<\/div>\n\t\t\t\t\t<\/div>\n\t\t\t\t<\/div>\n\t\t\t\t<\/div>\n\t\t","protected":false},"excerpt":{"rendered":"<p>Handpoke &#8211; Tattoo T\u00e4towierungen geh\u00f6ren zu den \u00e4ltesten Kunstformen der Menschheit.Seit Jahrtausenden dienen sie in verschiedensten Kulturen als Ausdruck von Identit\u00e4t, Spiritualit\u00e4t und Zugeh\u00f6rigkeit.Tattoos erz\u00e4hlen Geschichten, bewahren Erinnerungen und markieren pers\u00f6nliche Meilensteine. F\u00fcr mich sind T\u00e4towierungen weit mehr als K\u00f6rperkunst \u2013 sie sind eine Verbindung von Tradition und Gegenwart, ein Spiegel von Individualit\u00e4t, innerer Bedeutung [&hellip;]<\/p>\n","protected":false},"author":1,"featured_media":0,"parent":0,"menu_order":0,"comment_status":"closed","ping_status":"closed","template":"","meta":{"footnotes":""},"class_list":["post-426","page","type-page","status-publish","hentry","entry"],"_links":{"self":[{"href":"https:\/\/atelier-seelenglueck.de\/index.php\/wp-json\/wp\/v2\/pages\/426","targetHints":{"allow":["GET"]}}],"collection":[{"href":"https:\/\/atelier-seelenglueck.de\/index.php\/wp-json\/wp\/v2\/pages"}],"about":[{"href":"https:\/\/atelier-seelenglueck.de\/index.php\/wp-json\/wp\/v2\/types\/page"}],"author":[{"embeddable":true,"href":"https:\/\/atelier-seelenglueck.de\/index.php\/wp-json\/wp\/v2\/users\/1"}],"replies":[{"embeddable":true,"href":"https:\/\/atelier-seelenglueck.de\/index.php\/wp-json\/wp\/v2\/comments?post=426"}],"version-history":[{"count":134,"href":"https:\/\/atelier-seelenglueck.de\/index.php\/wp-json\/wp\/v2\/pages\/426\/revisions"}],"predecessor-version":[{"id":1964,"href":"https:\/\/atelier-seelenglueck.de\/index.php\/wp-json\/wp\/v2\/pages\/426\/revisions\/1964"}],"wp:attachment":[{"href":"https:\/\/atelier-seelenglueck.de\/index.php\/wp-json\/wp\/v2\/media?parent=426"}],"curies":[{"name":"wp","href":"https:\/\/api.w.org\/{rel}","templated":true}]}}